{"id":9,"date":"2018-09-13T16:59:33","date_gmt":"2018-09-13T14:59:33","guid":{"rendered":"http:\/\/regimodisikk.hu\/?page_id=9"},"modified":"2018-09-13T16:59:33","modified_gmt":"2018-09-13T14:59:33","slug":"kezdolap","status":"publish","type":"page","link":"http:\/\/regimodisikk.hu\/","title":{"rendered":"Kezd\u0151lap"},"content":{"rendered":"<p>\u00dcdv\u00f6zlet Emberke! Ez az a kezd\u0151oldal, amellyel &#8211; \u00e1ltal\u00e1ban &#8211; a honlapot felkeres\u0151 l\u00e1togat\u00f3k legels\u0151k\u00e9nt tal\u00e1lkoznak.<\/p>\n","protected":false},"excerpt":{"rendered":"<p>\u00dcdv\u00f6zlet Emberke! Ez az a kezd\u0151oldal, amellyel &#8211; \u00e1ltal\u00e1ban &#8211; a honlapot felkeres\u0151 l\u00e1togat\u00f3k legels\u0151k\u00e9nt tal\u00e1lkoznak.<\/p>\n","protected":false},"author":1,"featured_media":0,"parent":0,"menu_order":0,"comment_status":"closed","ping_status":"closed","template":"template-homepage.php","meta":{"footnotes":""},"class_list":["post-9","page","type-page","status-publish","hentry"],"_links":{"self":[{"href":"http:\/\/regimodisikk.hu\/index.php\/wp-json\/wp\/v2\/pages\/9","targetHints":{"allow":["GET"]}}],"collection":[{"href":"http:\/\/regimodisikk.hu\/index.php\/wp-json\/wp\/v2\/pages"}],"about":[{"href":"http:\/\/regimodisikk.hu\/index.php\/wp-json\/wp\/v2\/types\/page"}],"author":[{"embeddable":true,"href":"http:\/\/regimodisikk.hu\/index.php\/wp-json\/wp\/v2\/users\/1"}],"replies":[{"embeddable":true,"href":"http:\/\/regimodisikk.hu\/index.php\/wp-json\/wp\/v2\/comments?post=9"}],"version-history":[{"count":1,"href":"http:\/\/regimodisikk.hu\/index.php\/wp-json\/wp\/v2\/pages\/9\/revisions"}],"predecessor-version":[{"id":15,"href":"http:\/\/regimodisikk.hu\/index.php\/wp-json\/wp\/v2\/pages\/9\/revisions\/15"}],"wp:attachment":[{"href":"http:\/\/regimodisikk.hu\/index.php\/wp-json\/wp\/v2\/media?parent=9"}],"curies":[{"name":"wp","href":"https:\/\/api.w.org\/{rel}","templated":true}]}}