{"id":10,"date":"2018-09-13T16:59:33","date_gmt":"2018-09-13T14:59:33","guid":{"rendered":"http:\/\/regimodisikk.hu\/?page_id=10"},"modified":"2018-09-13T16:59:33","modified_gmt":"2018-09-13T14:59:33","slug":"nevjegy","status":"publish","type":"page","link":"http:\/\/regimodisikk.hu\/index.php\/nevjegy\/","title":{"rendered":"N\u00e9vjegy"},"content":{"rendered":"<p>Egy m\u0171v\u00e9szember itt is bemutathatja mag\u00e1t, a munk\u00e1it, vagy egy \u00fczletember a a v\u00e1llalkoz\u00e1s\u00e1t, k\u00fcldet\u00e9s\u00e9t \u00edrhatja ide.<\/p>\n","protected":false},"excerpt":{"rendered":"<p>Egy m\u0171v\u00e9szember itt is bemutathatja mag\u00e1t, a munk\u00e1it, vagy egy \u00fczletember a a v\u00e1llalkoz\u00e1s\u00e1t, k\u00fcldet\u00e9s\u00e9t \u00edrhatja ide.<\/p>\n","protected":false},"author":1,"featured_media":7,"parent":0,"menu_order":0,"comment_status":"closed","ping_status":"closed","template":"","meta":{"footnotes":""},"class_list":["post-10","page","type-page","status-publish","has-post-thumbnail","hentry"],"_links":{"self":[{"href":"http:\/\/regimodisikk.hu\/index.php\/wp-json\/wp\/v2\/pages\/10","targetHints":{"allow":["GET"]}}],"collection":[{"href":"http:\/\/regimodisikk.hu\/index.php\/wp-json\/wp\/v2\/pages"}],"about":[{"href":"http:\/\/regimodisikk.hu\/index.php\/wp-json\/wp\/v2\/types\/page"}],"author":[{"embeddable":true,"href":"http:\/\/regimodisikk.hu\/index.php\/wp-json\/wp\/v2\/users\/1"}],"replies":[{"embeddable":true,"href":"http:\/\/regimodisikk.hu\/index.php\/wp-json\/wp\/v2\/comments?post=10"}],"version-history":[{"count":1,"href":"http:\/\/regimodisikk.hu\/index.php\/wp-json\/wp\/v2\/pages\/10\/revisions"}],"predecessor-version":[{"id":16,"href":"http:\/\/regimodisikk.hu\/index.php\/wp-json\/wp\/v2\/pages\/10\/revisions\/16"}],"wp:featuredmedia":[{"embeddable":true,"href":"http:\/\/regimodisikk.hu\/index.php\/wp-json\/wp\/v2\/media\/7"}],"wp:attachment":[{"href":"http:\/\/regimodisikk.hu\/index.php\/wp-json\/wp\/v2\/media?parent=10"}],"curies":[{"name":"wp","href":"https:\/\/api.w.org\/{rel}","templated":true}]}}